{"id":5461,"date":"2026-03-23T09:49:00","date_gmt":"2026-03-23T08:49:00","guid":{"rendered":"https:\/\/www.ap-football-nutrition.com\/sl\/?post_type=product&#038;p=5461"},"modified":"2026-04-16T11:18:13","modified_gmt":"2026-04-16T09:18:13","slug":"goal-recovery","status":"publish","type":"product","link":"https:\/\/www.ap-football-nutrition.com\/sl\/izdelek\/goal-recovery\/","title":{"rendered":"Goal Recovery\u2122"},"content":{"rendered":"<div style=\"width: 100%; margin: 0; padding: 0; font-family: 'Sarabun', Arial, sans-serif; overflow: hidden;\">\n<section style=\"width: 100%; margin: 0; padding: 0; background-color: #1d1d1d; display: block;\">\n<div style=\"max-width: 1200px; margin: 0 auto; padding: 0 24px 72px 24px; box-sizing: border-box;\">\n<div style=\"display: flex; flex-wrap: wrap; align-items: center; margin: 0;\">\n<div style=\"flex: 1 1 560px; padding: 72px 40px 20px 0; box-sizing: border-box;\">\n<div style=\"display: inline-block; background-color: #2db786; color: #ffffff; font-size: 13px; line-height: 1; font-weight: bold; letter-spacing: 0.08em; text-transform: uppercase; padding: 10px 14px; border-radius: 999px; margin: 0 0 18px 0;\">Goal Recovery<\/div>\n<h2 style=\"margin: 0 0 20px 0; font-family: 'Barlow Semi Condensed', Arial, sans-serif; font-style: italic; font-weight: bold; font-size: 48px; line-height: 1.02; color: #ffffff; text-transform: uppercase;\">Ko je trening kon\u010dan, se recovery \u0161ele za\u010dne<\/h2>\n<p style=\"margin: 0 0 18px 0; font-size: 18px; line-height: 1.8; color: #e7e7e7;\">Goal Recovery je recovery napitek za nogometa\u0161e, ki \u017eelijo po naporu pose\u010di po izdelku z jasno sestavo. Formula zdru\u017euje <strong style=\"color: #ffffff;\">sirotkine beljakovine, ogljikove hidrate, Palatinose\u2122 (izomaltulozo), BCAA aminokisline, minerale in vitamine<\/strong> v prakti\u010dni obliki za enostavno pripravo.<\/p>\n<p style=\"margin: 0 0 18px 0; font-size: 18px; line-height: 1.8; color: #e7e7e7;\">Ne glede na to, ali je za tabo trening, tekma ali intenziven nogometni dan, je Goal Recovery zasnovan kot <strong style=\"color: #2db786;\">protein and hydration blend<\/strong>, ki ga lahko enostavno vklju\u010di\u0161 v svojo rutino po naporu.<\/p>\n<p style=\"margin: 0; font-size: 18px; line-height: 1.8; color: #e7e7e7;\">Ena embala\u017ea vsebuje <strong style=\"color: #ffffff;\">750 g<\/strong> izdelka oziroma <strong style=\"color: #2db786;\">15 porcij<\/strong>. Priporo\u010dena porcija zna\u0161a <strong style=\"color: #ffffff;\">50 g<\/strong>, zme\u0161ana z <strong style=\"color: #ffffff;\">250 ml hladne vode<\/strong>.<\/p>\n<\/div>\n<div style=\"flex: 1 1 560px; padding: 72px 0 20px 40px; box-sizing: border-box;\"><img decoding=\"async\" style=\"width: 100%; height: auto; display: block; border: 0; outline: none; border-radius: 20px;\" src=\"https:\/\/www.ap-football-nutrition.com\/sl\/wp-content\/uploads\/Goal-Power-Goal-Recovery-Real-Life-7.webp\" alt=\"Goal Recovery za nogometa\u0161e\" \/><\/div>\n<\/div>\n<\/div>\n<\/section>\n<section style=\"width: 100%; margin: 0; padding: 0; background-color: #ffffff; display: block;\">\n<div style=\"max-width: 1200px; margin: 0 auto; padding: 72px 24px; box-sizing: border-box;\">\n<div style=\"display: flex; flex-wrap: wrap; align-items: center; margin: 0;\">\n<div style=\"flex: 1 1 560px; padding: 20px 40px 20px 0; box-sizing: border-box;\">\n<div style=\"display: inline-block; background-color: #f5f5f5; color: #2db786; font-size: 13px; line-height: 1; font-weight: bold; letter-spacing: 0.08em; text-transform: uppercase; padding: 10px 14px; border-radius: 999px; margin: 0 0 18px 0; border: 1px solid #e9e9e9;\">Kaj DOBI\u0160<\/div>\n<h2 style=\"margin: 0 0 20px 0; font-family: 'Barlow Semi Condensed', Arial, sans-serif; font-style: italic; font-weight: bold; font-size: 48px; line-height: 1.02; color: #111111; text-transform: uppercase;\">Jasna sestava brez ugibanja<\/h2>\n<p style=\"margin: 0 0 18px 0; font-size: 18px; line-height: 1.8; color: #333333;\">Vsaka porcija ti zagotovi <strong>10 g beljakovin,<\/strong> ki prispevajo k <strong>rasti in ohranjanju mi\u0161i\u010dne mase<\/strong> ter k <strong>ohranjanju normalnih kosti.<\/strong><\/p>\n<p style=\"margin: 0 0 18px 0; font-size: 18px; line-height: 1.8; color: #333333;\">Poleg tega dobi\u0161 <strong>27 g ogljikovih hidratov<\/strong> in <strong>2500 mg BCAA<\/strong> v razmerju 2:1:1 ter pomembne minerale in vitamine, kot so <strong>kalcij, magnezij, kalij, natrij, vitamin C, D, E, cink in baker.<\/strong><\/p>\n<p style=\"margin: 0 0 18px 0; font-size: 18px; line-height: 1.8; color: #333333;\">V formuli je tudi <strong>Palatinose\u2122 (izomaltuloza),<\/strong> ki povzro\u010di <strong>ni\u017eji porast glukoze v krvi po zau\u017eitju v primerjavi s sladkorjem.<\/strong><\/p>\n<p style=\"margin: 0; font-size: 18px; line-height: 1.8; color: #333333;\">To pomeni, da po naporu dobi\u0161 kombinacijo hranil, ki jo lahko enostavno vklju\u010di\u0161 v svojo nogometno rutino.<\/p>\n<\/div>\n<div style=\"flex: 1 1 560px; padding: 20px 0 20px 40px; box-sizing: border-box;\"><img decoding=\"async\" style=\"width: 100%; height: auto; display: block; border: 0; outline: none; border-radius: 20px;\" src=\"https:\/\/www.ap-football-nutrition.com\/sl\/wp-content\/uploads\/Goal-Power-Goal-Recovery-Real-Life-2.webp\" alt=\"Sestava Goal Recovery\" \/><\/div>\n<\/div>\n<\/div>\n<\/section>\n<section style=\"width: 100%; margin: 0; padding: 0; background-color: #1d1d1d; display: block;\">\n<div style=\"max-width: 1200px; margin: 0 auto; padding: 72px 24px; box-sizing: border-box;\">\n<div style=\"display: flex; flex-wrap: wrap; align-items: center; margin: 0;\">\n<div style=\"flex: 1 1 560px; padding: 20px 40px 20px 0; box-sizing: border-box;\">\n<div style=\"display: inline-block; background-color: #2db786; color: #ffffff; font-size: 13px; line-height: 1; font-weight: bold; letter-spacing: 0.08em; text-transform: uppercase; padding: 10px 14px; border-radius: 999px; margin: 0 0 18px 0;\">Enostavna uporaba<\/div>\n<h2 style=\"margin: 0 0 20px 0; font-family: 'Barlow Semi Condensed', Arial, sans-serif; font-style: italic; font-weight: bold; font-size: 48px; line-height: 1.02; color: #ffffff; text-transform: uppercase;\">Pripravi hitro. Vklju\u010di v svojo nogometno rutino.<\/h2>\n<p style=\"margin: 0 0 18px 0; font-size: 18px; line-height: 1.8; color: #e7e7e7;\">Priprava je preprosta: <strong style=\"color: #ffffff;\">50 g pra\u0161ka zme\u0161a\u0161 z 250 ml hladne vode<\/strong>, dobro preme\u0161a\u0161 ali zblenda\u0161 in zau\u017eije\u0161 <strong style=\"color: #2db786;\">1 porcijo dnevno<\/strong>.<\/p>\n<p style=\"margin: 0 0 18px 0; font-size: 18px; line-height: 1.8; color: #e7e7e7;\">Zaradi prakti\u010dne priprave in jasne sestave je Goal Recovery primerna izbira za nogometa\u0161e, ki \u017eelijo imeti po treningu ali tekmi pri roki recovery napitek z ogljikovimi hidrati, beljakovinami, minerali in vitamini.<\/p>\n<p style=\"margin: 0; font-size: 18px; line-height: 1.8; color: #e7e7e7;\">Izdelek je primeren kot del raznolike in uravnote\u017eene prehrane ter zdravega \u017eivljenjskega sloga. Priporo\u010denega dnevnega odmerka se ne sme prekora\u010diti.<\/p>\n<\/div>\n<div style=\"flex: 1 1 560px; padding: 20px 0 20px 40px; box-sizing: border-box;\"><img decoding=\"async\" style=\"width: 100%; height: auto; display: block; border: 0; outline: none; border-radius: 20px;\" src=\"https:\/\/www.ap-football-nutrition.com\/sl\/wp-content\/uploads\/Goal-Power-Goal-Recovery-Real-Life-9.webp\" alt=\"Priprava napitka Goal Recovery\" \/><\/div>\n<\/div>\n<\/div>\n<\/section>\n<\/div>\n","protected":false},"excerpt":{"rendered":"<p><strong>Goal Recovery<\/strong> je napreden napitek za regeneracijo po treningu ali tekmi, zasnovan posebej za nogometa\u0161e in aktivne posameznike.<\/p>\n<p>Kombinacija hitro dostopnih kakovostnih beljakovin, ogljikovih hidratov, BCAA aminokislin, elektrolitov in vitaminov pomaga pri obnovi mi\u0161ic, nadome\u0161\u010danju izgubljene energije ter podpori hitrej\u0161i regeneraciji.<\/p>\n<p>Zaradi vsebnosti Palatinose\u2122 (izomaltuloze) omogo\u010da bolj stabilen dvig krvnega sladkorja in dolgotrajnej\u0161o energijo.<\/p>\n","protected":false},"featured_media":6078,"comment_status":"open","ping_status":"closed","template":"","meta":{"_acf_changed":false},"product_brand":[],"product_cat":[60,51,53,58],"product_tag":[],"class_list":{"0":"post-5461","1":"product","2":"type-product","3":"status-publish","4":"has-post-thumbnail","6":"product_cat-akcija","7":"product_cat-goal-recovery","8":"product_cat-paketi","9":"product_cat-regeneracija","11":"first","12":"instock","13":"shipping-taxable","14":"purchasable","15":"product-type-variable","16":"has-default-attributes"},"bundled_by":["5653"],"bundle_stock_status":"instock","bundle_stock_quantity":null,"bundle_virtual":false,"bundle_layout":"","bundle_add_to_cart_form_location":"","bundle_editable_in_cart":false,"bundle_sold_individually_context":"","bundle_item_grouping":"","bundle_min_size":"","bundle_max_size":"","bundle_price":[],"bundled_items":[],"bundle_sell_ids":[],"acf":[],"yoast_head":"<!-- This site is optimized with the Yoast SEO plugin v27.4 - https:\/\/yoast.com\/product\/yoast-seo-wordpress\/ -->\n<title>Goal Recovery\u2122 - AP Football Nutrition | Slovenija<\/title>\n<meta name=\"description\" content=\"Naro\u010di Goal Recovery\u2122, najpopularnej\u0161i prehranski dodatek za nogometa\u0161e, ki ga uporabljajo tudi \u010dlani Slovenske reprezentance in Prve Lige Telemach.\" \/>\n<meta name=\"robots\" content=\"index, follow, max-snippet:-1, max-image-preview:large, max-video-preview:-1\" \/>\n<link rel=\"canonical\" href=\"https:\/\/www.ap-football-nutrition.com\/sl\/izdelek\/goal-recovery\/\" \/>\n<meta property=\"og:locale\" content=\"sl_SI\" \/>\n<meta property=\"og:type\" content=\"article\" \/>\n<meta property=\"og:title\" content=\"Goal Recovery\u2122 - AP Football Nutrition | Slovenija\" \/>\n<meta property=\"og:description\" content=\"Naro\u010di Goal Recovery\u2122, najpopularnej\u0161i prehranski dodatek za nogometa\u0161e, ki ga uporabljajo tudi \u010dlani Slovenske reprezentance in Prve Lige Telemach.\" \/>\n<meta property=\"og:url\" content=\"https:\/\/www.ap-football-nutrition.com\/sl\/izdelek\/goal-recovery\/\" \/>\n<meta property=\"og:site_name\" content=\"AP Football Nutrition | Slovenija\" \/>\n<meta property=\"article:publisher\" content=\"https:\/\/www.facebook.com\/apfootballnutrition\/\" \/>\n<meta property=\"article:modified_time\" content=\"2026-04-16T09:18:13+00:00\" \/>\n<meta property=\"og:image\" content=\"https:\/\/www.ap-football-nutrition.com\/sl\/wp-content\/uploads\/Goal-Recovery-Chocolate.webp\" \/>\n\t<meta property=\"og:image:width\" content=\"1080\" \/>\n\t<meta property=\"og:image:height\" content=\"1080\" \/>\n\t<meta property=\"og:image:type\" content=\"image\/webp\" \/>\n<meta name=\"twitter:card\" content=\"summary_large_image\" \/>\n<meta name=\"twitter:title\" content=\"Goal Recovery\u2122 - AP Football Nutrition | Slovenija\" \/>\n<meta name=\"twitter:description\" content=\"Naro\u010di Goal Recovery\u2122, najpopularnej\u0161i prehranski dodatek za nogometa\u0161e, ki ga uporabljajo tudi \u010dlani Slovenske reprezentance in Prve Lige Telemach.\" \/>\n<meta name=\"twitter:image\" content=\"https:\/\/www.ap-football-nutrition.com\/sl\/wp-content\/uploads\/Goal-Recovery-Chocolate.webp\" \/>\n<meta name=\"twitter:label1\" content=\"Est. reading time\" \/>\n\t<meta name=\"twitter:data1\" content=\"3 minute\" \/>\n<script type=\"application\/ld+json\" class=\"yoast-schema-graph\">{\"@context\":\"https:\\\/\\\/schema.org\",\"@graph\":[{\"@type\":\"WebPage\",\"@id\":\"https:\\\/\\\/www.ap-football-nutrition.com\\\/sl\\\/izdelek\\\/goal-recovery\\\/\",\"url\":\"https:\\\/\\\/www.ap-football-nutrition.com\\\/sl\\\/izdelek\\\/goal-recovery\\\/\",\"name\":\"Goal Recovery\u2122 - AP Football Nutrition | Slovenija\",\"isPartOf\":{\"@id\":\"https:\\\/\\\/www.ap-football-nutrition.com\\\/sl\\\/#website\"},\"primaryImageOfPage\":{\"@id\":\"https:\\\/\\\/www.ap-football-nutrition.com\\\/sl\\\/izdelek\\\/goal-recovery\\\/#primaryimage\"},\"image\":{\"@id\":\"https:\\\/\\\/www.ap-football-nutrition.com\\\/sl\\\/izdelek\\\/goal-recovery\\\/#primaryimage\"},\"thumbnailUrl\":\"https:\\\/\\\/www.ap-football-nutrition.com\\\/sl\\\/wp-content\\\/uploads\\\/Goal-Recovery-Hero-Slika.webp\",\"datePublished\":\"2026-03-23T08:49:00+00:00\",\"dateModified\":\"2026-04-16T09:18:13+00:00\",\"description\":\"Naro\u010di Goal Recovery\u2122, najpopularnej\u0161i prehranski dodatek za nogometa\u0161e, ki ga uporabljajo tudi \u010dlani Slovenske reprezentance in Prve Lige Telemach.\",\"breadcrumb\":{\"@id\":\"https:\\\/\\\/www.ap-football-nutrition.com\\\/sl\\\/izdelek\\\/goal-recovery\\\/#breadcrumb\"},\"inLanguage\":\"sl-SI\",\"potentialAction\":[{\"@type\":\"ReadAction\",\"target\":[\"https:\\\/\\\/www.ap-football-nutrition.com\\\/sl\\\/izdelek\\\/goal-recovery\\\/\"]}]},{\"@type\":\"ImageObject\",\"inLanguage\":\"sl-SI\",\"@id\":\"https:\\\/\\\/www.ap-football-nutrition.com\\\/sl\\\/izdelek\\\/goal-recovery\\\/#primaryimage\",\"url\":\"https:\\\/\\\/www.ap-football-nutrition.com\\\/sl\\\/wp-content\\\/uploads\\\/Goal-Recovery-Hero-Slika.webp\",\"contentUrl\":\"https:\\\/\\\/www.ap-football-nutrition.com\\\/sl\\\/wp-content\\\/uploads\\\/Goal-Recovery-Hero-Slika.webp\",\"width\":1080,\"height\":1080},{\"@type\":\"BreadcrumbList\",\"@id\":\"https:\\\/\\\/www.ap-football-nutrition.com\\\/sl\\\/izdelek\\\/goal-recovery\\\/#breadcrumb\",\"itemListElement\":[{\"@type\":\"ListItem\",\"position\":1,\"name\":\"Home\",\"item\":\"https:\\\/\\\/www.ap-football-nutrition.com\\\/sl\\\/\"},{\"@type\":\"ListItem\",\"position\":2,\"name\":\"Trgovina\",\"item\":\"https:\\\/\\\/www.ap-football-nutrition.com\\\/sl\\\/trgovina\\\/\"},{\"@type\":\"ListItem\",\"position\":3,\"name\":\"Goal Recovery\u2122\"}]},{\"@type\":\"WebSite\",\"@id\":\"https:\\\/\\\/www.ap-football-nutrition.com\\\/sl\\\/#website\",\"url\":\"https:\\\/\\\/www.ap-football-nutrition.com\\\/sl\\\/\",\"name\":\"AP Football Nutrition | Slovenija\",\"description\":\"\",\"publisher\":{\"@id\":\"https:\\\/\\\/www.ap-football-nutrition.com\\\/sl\\\/#organization\"},\"potentialAction\":[{\"@type\":\"SearchAction\",\"target\":{\"@type\":\"EntryPoint\",\"urlTemplate\":\"https:\\\/\\\/www.ap-football-nutrition.com\\\/sl\\\/?s={search_term_string}\"},\"query-input\":{\"@type\":\"PropertyValueSpecification\",\"valueRequired\":true,\"valueName\":\"search_term_string\"}}],\"inLanguage\":\"sl-SI\"},{\"@type\":\"Organization\",\"@id\":\"https:\\\/\\\/www.ap-football-nutrition.com\\\/sl\\\/#organization\",\"name\":\"AP Football Nutrition | Slovenija\",\"url\":\"https:\\\/\\\/www.ap-football-nutrition.com\\\/sl\\\/\",\"logo\":{\"@type\":\"ImageObject\",\"inLanguage\":\"sl-SI\",\"@id\":\"https:\\\/\\\/www.ap-football-nutrition.com\\\/sl\\\/#\\\/schema\\\/logo\\\/image\\\/\",\"url\":\"https:\\\/\\\/www.ap-football-nutrition.com\\\/sl\\\/wp-content\\\/uploads\\\/AP-Football-Nutrition-Site-Logo.webp\",\"contentUrl\":\"https:\\\/\\\/www.ap-football-nutrition.com\\\/sl\\\/wp-content\\\/uploads\\\/AP-Football-Nutrition-Site-Logo.webp\",\"width\":350,\"height\":100,\"caption\":\"AP Football Nutrition | Slovenija\"},\"image\":{\"@id\":\"https:\\\/\\\/www.ap-football-nutrition.com\\\/sl\\\/#\\\/schema\\\/logo\\\/image\\\/\"},\"sameAs\":[\"https:\\\/\\\/www.facebook.com\\\/apfootballnutrition\\\/\",\"https:\\\/\\\/www.tiktok.com\\\/@apfootballnutrition\",\"https:\\\/\\\/www.youtube.com\\\/channel\\\/UCi357Qj1dxD5V0s0M7uccsg\",\"https:\\\/\\\/www.instagram.com\\\/ap_football_nutrition\\\/p\\\/C0BwiBQIzon\\\/\"]}]}<\/script>\n<!-- \/ Yoast SEO plugin. -->","yoast_head_json":{"title":"Goal Recovery\u2122 - AP Football Nutrition | Slovenija","description":"Naro\u010di Goal Recovery\u2122, najpopularnej\u0161i prehranski dodatek za nogometa\u0161e, ki ga uporabljajo tudi \u010dlani Slovenske reprezentance in Prve Lige Telemach.","robots":{"index":"index","follow":"follow","max-snippet":"max-snippet:-1","max-image-preview":"max-image-preview:large","max-video-preview":"max-video-preview:-1"},"canonical":"https:\/\/www.ap-football-nutrition.com\/sl\/izdelek\/goal-recovery\/","og_locale":"sl_SI","og_type":"article","og_title":"Goal Recovery\u2122 - AP Football Nutrition | Slovenija","og_description":"Naro\u010di Goal Recovery\u2122, najpopularnej\u0161i prehranski dodatek za nogometa\u0161e, ki ga uporabljajo tudi \u010dlani Slovenske reprezentance in Prve Lige Telemach.","og_url":"https:\/\/www.ap-football-nutrition.com\/sl\/izdelek\/goal-recovery\/","og_site_name":"AP Football Nutrition | Slovenija","article_publisher":"https:\/\/www.facebook.com\/apfootballnutrition\/","article_modified_time":"2026-04-16T09:18:13+00:00","og_image":[{"width":1080,"height":1080,"url":"https:\/\/www.ap-football-nutrition.com\/sl\/wp-content\/uploads\/Goal-Recovery-Chocolate.webp","type":"image\/webp"}],"twitter_card":"summary_large_image","twitter_title":"Goal Recovery\u2122 - AP Football Nutrition | Slovenija","twitter_description":"Naro\u010di Goal Recovery\u2122, najpopularnej\u0161i prehranski dodatek za nogometa\u0161e, ki ga uporabljajo tudi \u010dlani Slovenske reprezentance in Prve Lige Telemach.","twitter_image":"https:\/\/www.ap-football-nutrition.com\/sl\/wp-content\/uploads\/Goal-Recovery-Chocolate.webp","twitter_misc":{"Est. reading time":"3 minute"},"schema":{"@context":"https:\/\/schema.org","@graph":[{"@type":"WebPage","@id":"https:\/\/www.ap-football-nutrition.com\/sl\/izdelek\/goal-recovery\/","url":"https:\/\/www.ap-football-nutrition.com\/sl\/izdelek\/goal-recovery\/","name":"Goal Recovery\u2122 - AP Football Nutrition | Slovenija","isPartOf":{"@id":"https:\/\/www.ap-football-nutrition.com\/sl\/#website"},"primaryImageOfPage":{"@id":"https:\/\/www.ap-football-nutrition.com\/sl\/izdelek\/goal-recovery\/#primaryimage"},"image":{"@id":"https:\/\/www.ap-football-nutrition.com\/sl\/izdelek\/goal-recovery\/#primaryimage"},"thumbnailUrl":"https:\/\/www.ap-football-nutrition.com\/sl\/wp-content\/uploads\/Goal-Recovery-Hero-Slika.webp","datePublished":"2026-03-23T08:49:00+00:00","dateModified":"2026-04-16T09:18:13+00:00","description":"Naro\u010di Goal Recovery\u2122, najpopularnej\u0161i prehranski dodatek za nogometa\u0161e, ki ga uporabljajo tudi \u010dlani Slovenske reprezentance in Prve Lige Telemach.","breadcrumb":{"@id":"https:\/\/www.ap-football-nutrition.com\/sl\/izdelek\/goal-recovery\/#breadcrumb"},"inLanguage":"sl-SI","potentialAction":[{"@type":"ReadAction","target":["https:\/\/www.ap-football-nutrition.com\/sl\/izdelek\/goal-recovery\/"]}]},{"@type":"ImageObject","inLanguage":"sl-SI","@id":"https:\/\/www.ap-football-nutrition.com\/sl\/izdelek\/goal-recovery\/#primaryimage","url":"https:\/\/www.ap-football-nutrition.com\/sl\/wp-content\/uploads\/Goal-Recovery-Hero-Slika.webp","contentUrl":"https:\/\/www.ap-football-nutrition.com\/sl\/wp-content\/uploads\/Goal-Recovery-Hero-Slika.webp","width":1080,"height":1080},{"@type":"BreadcrumbList","@id":"https:\/\/www.ap-football-nutrition.com\/sl\/izdelek\/goal-recovery\/#breadcrumb","itemListElement":[{"@type":"ListItem","position":1,"name":"Home","item":"https:\/\/www.ap-football-nutrition.com\/sl\/"},{"@type":"ListItem","position":2,"name":"Trgovina","item":"https:\/\/www.ap-football-nutrition.com\/sl\/trgovina\/"},{"@type":"ListItem","position":3,"name":"Goal Recovery\u2122"}]},{"@type":"WebSite","@id":"https:\/\/www.ap-football-nutrition.com\/sl\/#website","url":"https:\/\/www.ap-football-nutrition.com\/sl\/","name":"AP Football Nutrition | Slovenija","description":"","publisher":{"@id":"https:\/\/www.ap-football-nutrition.com\/sl\/#organization"},"potentialAction":[{"@type":"SearchAction","target":{"@type":"EntryPoint","urlTemplate":"https:\/\/www.ap-football-nutrition.com\/sl\/?s={search_term_string}"},"query-input":{"@type":"PropertyValueSpecification","valueRequired":true,"valueName":"search_term_string"}}],"inLanguage":"sl-SI"},{"@type":"Organization","@id":"https:\/\/www.ap-football-nutrition.com\/sl\/#organization","name":"AP Football Nutrition | Slovenija","url":"https:\/\/www.ap-football-nutrition.com\/sl\/","logo":{"@type":"ImageObject","inLanguage":"sl-SI","@id":"https:\/\/www.ap-football-nutrition.com\/sl\/#\/schema\/logo\/image\/","url":"https:\/\/www.ap-football-nutrition.com\/sl\/wp-content\/uploads\/AP-Football-Nutrition-Site-Logo.webp","contentUrl":"https:\/\/www.ap-football-nutrition.com\/sl\/wp-content\/uploads\/AP-Football-Nutrition-Site-Logo.webp","width":350,"height":100,"caption":"AP Football Nutrition | Slovenija"},"image":{"@id":"https:\/\/www.ap-football-nutrition.com\/sl\/#\/schema\/logo\/image\/"},"sameAs":["https:\/\/www.facebook.com\/apfootballnutrition\/","https:\/\/www.tiktok.com\/@apfootballnutrition","https:\/\/www.youtube.com\/channel\/UCi357Qj1dxD5V0s0M7uccsg","https:\/\/www.instagram.com\/ap_football_nutrition\/p\/C0BwiBQIzon\/"]}]}},"_links":{"self":[{"href":"https:\/\/www.ap-football-nutrition.com\/sl\/wp-json\/wp\/v2\/product\/5461","targetHints":{"allow":["GET"]}}],"collection":[{"href":"https:\/\/www.ap-football-nutrition.com\/sl\/wp-json\/wp\/v2\/product"}],"about":[{"href":"https:\/\/www.ap-football-nutrition.com\/sl\/wp-json\/wp\/v2\/types\/product"}],"replies":[{"embeddable":true,"href":"https:\/\/www.ap-football-nutrition.com\/sl\/wp-json\/wp\/v2\/comments?post=5461"}],"wp:featuredmedia":[{"embeddable":true,"href":"https:\/\/www.ap-football-nutrition.com\/sl\/wp-json\/wp\/v2\/media\/6078"}],"wp:attachment":[{"href":"https:\/\/www.ap-football-nutrition.com\/sl\/wp-json\/wp\/v2\/media?parent=5461"}],"wp:term":[{"taxonomy":"product_brand","embeddable":true,"href":"https:\/\/www.ap-football-nutrition.com\/sl\/wp-json\/wp\/v2\/product_brand?post=5461"},{"taxonomy":"product_cat","embeddable":true,"href":"https:\/\/www.ap-football-nutrition.com\/sl\/wp-json\/wp\/v2\/product_cat?post=5461"},{"taxonomy":"product_tag","embeddable":true,"href":"https:\/\/www.ap-football-nutrition.com\/sl\/wp-json\/wp\/v2\/product_tag?post=5461"}],"curies":[{"name":"wp","href":"https:\/\/api.w.org\/{rel}","templated":true}]}}