{"id":5451,"date":"2026-03-23T09:28:53","date_gmt":"2026-03-23T08:28:53","guid":{"rendered":"https:\/\/www.ap-football-nutrition.com\/sl\/?post_type=product&#038;p=5451"},"modified":"2026-04-16T11:43:47","modified_gmt":"2026-04-16T09:43:47","slug":"goal-power","status":"publish","type":"product","link":"https:\/\/www.ap-football-nutrition.com\/sl\/izdelek\/goal-power\/","title":{"rendered":"Goal Power\u2122"},"content":{"rendered":"<div style=\"width: 100%; margin: 0; padding: 0; font-family: 'Sarabun', Arial, sans-serif; overflow: hidden;\">\n<section style=\"width: 100%; margin: 0; padding: 0; background-color: #1d1d1d; display: block;\">\n<div style=\"max-width: 1200px; margin: 0 auto; padding: 0 24px 72px 24px; box-sizing: border-box;\">\n<div style=\"display: flex; flex-wrap: wrap; align-items: center; margin: 0;\">\n<div style=\"flex: 1 1 560px; padding: 72px 40px 20px 0; box-sizing: border-box;\">\n<div style=\"display: inline-block; background-color: #2db786; color: #ffffff; font-size: 13px; line-height: 1; font-weight: bold; letter-spacing: 0.08em; text-transform: uppercase; padding: 10px 14px; border-radius: 999px; margin: 0 0 18px 0;\">Goal Power<\/div>\n<h2 style=\"margin: 0 0 20px 0; font-family: 'Barlow Semi Condensed', Arial, sans-serif; font-style: italic; font-weight: bold; font-size: 48px; line-height: 1.02; color: #ffffff; text-transform: uppercase;\">Za hidracijsko rutino med treningom in tekmo<\/h2>\n<p style=\"margin: 0 0 18px 0; font-size: 18px; line-height: 1.8; color: #e7e7e7;\">Goal Power je napitek za uporabo <strong style=\"color: #ffffff;\">med vadbo<\/strong>, zasnovan za nogometa\u0161e in druge aktivne \u0161portnike, ki \u017eelijo med naporom pose\u010di po prakti\u010dno pripravljenem izdelku z jasno sestavo.<\/p>\n<p style=\"margin: 0 0 18px 0; font-size: 18px; line-height: 1.8; color: #e7e7e7;\">Formula vsebuje <strong style=\"color: #ffffff;\">minerale, L-karnitin, BCAA aminokisline in vitamin C<\/strong>, zato je Goal Power priro\u010dna izbira za tiste, ki \u017eelijo med treningom, tekmo ali intenzivno \u0161portno aktivnostjo vklju\u010diti napitek z elektroliti v svojo rutino.<\/p>\n<p style=\"margin: 0; font-size: 18px; line-height: 1.8; color: #e7e7e7;\">Ena embala\u017ea vsebuje <strong style=\"color: #ffffff;\">320 g<\/strong> izdelka oziroma <strong style=\"color: #2db786;\">20 porcij<\/strong>. Ena porcija zna\u0161a <strong style=\"color: #ffffff;\">16 g<\/strong> in se zme\u0161a s <strong style=\"color: #ffffff;\">500 ml hladne vode<\/strong>.<\/p>\n<\/div>\n<div style=\"flex: 1 1 560px; padding: 72px 0 20px 40px; box-sizing: border-box;\"><img decoding=\"async\" style=\"width: 100%; height: auto; display: block; border: 0; outline: none; border-radius: 20px;\" src=\"https:\/\/www.ap-football-nutrition.com\/sl\/wp-content\/uploads\/Goal-Power-Goal-Recovery-Real-Life-6.webp\" alt=\"Goal Power za nogometa\u0161e\" \/><\/div>\n<\/div>\n<\/div>\n<\/section>\n<section style=\"width: 100%; margin: 0; padding: 0; background-color: #ffffff; display: block;\">\n<div style=\"max-width: 1200px; margin: 0 auto; padding: 72px 24px; box-sizing: border-box;\">\n<div style=\"display: flex; flex-wrap: wrap; align-items: center; margin: 0;\">\n<div style=\"flex: 1 1 560px; padding: 20px 40px 20px 0; box-sizing: border-box;\">\n<div style=\"display: inline-block; background-color: #f5f5f5; color: #2db786; font-size: 13px; line-height: 1; font-weight: bold; letter-spacing: 0.08em; text-transform: uppercase; padding: 10px 14px; border-radius: 999px; margin: 0 0 18px 0; border: 1px solid #e9e9e9;\">Kaj vsebuje<\/div>\n<h2 style=\"margin: 0 0 20px 0; font-family: 'Barlow Semi Condensed', Arial, sans-serif; font-style: italic; font-weight: bold; font-size: 48px; line-height: 1.02; color: #111111; text-transform: uppercase;\">Elektroliti in jasno odmerjena sestava za uporabo med naporom<\/h2>\n<p style=\"margin: 0 0 18px 0; font-size: 18px; line-height: 1.8; color: #333333;\">Vsaka porcija vsebuje <strong>600 mg natrija, 300 mg kalija, 240 mg kalcija, 112 mg magnezija in 112 mg fosforja<\/strong>, poleg tega pa \u0161e <strong>2000 mg L-karnitina<\/strong>, <strong>1000 mg BCAA<\/strong> v razmerju 2:1:1 in <strong>80 mg vitamina C<\/strong>.<\/p>\n<p style=\"margin: 0 0 18px 0; font-size: 18px; line-height: 1.8; color: #333333;\">To pomeni, da ima\u0161 med aktivnostjo pri roki izdelek z natan\u010dno dolo\u010deno sestavo, ki ga lahko brez kompliciranja vklju\u010di\u0161 v svojo nogometno rutino med treningom, pripravljalnim ciklom ali tekmovalnim dnevom.<\/p>\n<p style=\"margin: 0; font-size: 18px; line-height: 1.8; color: #333333;\">Goal Power je namenjen igralcem, ki \u017eelijo med naporom pose\u010di po enostavno pripravljenem napitku z elektroliti in drugimi skrbno odmerjenimi sestavinami.<\/p>\n<\/div>\n<div style=\"flex: 1 1 560px; padding: 20px 0 20px 40px; box-sizing: border-box;\"><img decoding=\"async\" style=\"width: 100%; height: auto; display: block; border: 0; outline: none; border-radius: 20px;\" src=\"https:\/\/www.ap-football-nutrition.com\/sl\/wp-content\/uploads\/Goal-Power-Goal-Recovery-Real-Life.webp\" alt=\"Sestava Goal Power\" \/><\/div>\n<\/div>\n<\/div>\n<\/section>\n<section style=\"width: 100%; margin: 0; padding: 0; background-color: #1d1d1d; display: block;\">\n<div style=\"max-width: 1200px; margin: 0 auto; padding: 72px 24px; box-sizing: border-box;\">\n<div style=\"display: flex; flex-wrap: wrap; align-items: center; margin: 0;\">\n<div style=\"flex: 1 1 560px; padding: 20px 40px 20px 0; box-sizing: border-box;\">\n<div style=\"display: inline-block; background-color: #2db786; color: #ffffff; font-size: 13px; line-height: 1; font-weight: bold; letter-spacing: 0.08em; text-transform: uppercase; padding: 10px 14px; border-radius: 999px; margin: 0 0 18px 0;\">Enostavna priprava<\/div>\n<h2 style=\"margin: 0 0 20px 0; font-family: 'Barlow Semi Condensed', Arial, sans-serif; font-style: italic; font-weight: bold; font-size: 48px; line-height: 1.02; color: #ffffff; text-transform: uppercase;\">Pripravi hitro in uporabljaj med igro ali treningom<\/h2>\n<p style=\"margin: 0 0 18px 0; font-size: 18px; line-height: 1.8; color: #e7e7e7;\">Uporaba je preprosta: <strong style=\"color: #ffffff;\">eno porcijo (16 g) zme\u0161a\u0161 s 500 ml hladne vode<\/strong> in napitek u\u017eiva\u0161 <strong style=\"color: #2db786;\">med vadbo<\/strong>.<\/p>\n<p style=\"margin: 0 0 18px 0; font-size: 18px; line-height: 1.8; color: #e7e7e7;\">Merica v izdelku slu\u017ei kot pomo\u010d pri odmerjanju, za natan\u010dno koli\u010dino pa je priporo\u010dena uporaba digitalne tehtnice.<\/p>\n<p style=\"margin: 0; font-size: 18px; line-height: 1.8; color: #e7e7e7;\">Goal Power lahko vklju\u010di\u0161 med trening, tekmo ali drugo \u0161portno aktivnost kot del raznolike in uravnote\u017eene prehrane ter aktivnega \u017eivljenjskega sloga. Priporo\u010denega dnevnega odmerka se ne sme prekora\u010diti.<\/p>\n<\/div>\n<div style=\"flex: 1 1 560px; padding: 20px 0 20px 40px; box-sizing: border-box;\"><img decoding=\"async\" style=\"width: 100%; height: auto; display: block; border: 0; outline: none; border-radius: 20px;\" src=\"https:\/\/www.ap-football-nutrition.com\/sl\/wp-content\/uploads\/Goal-Power-Goal-Recovery-Real-Life-11.webp\" alt=\"Priprava napitka Goal Power\" \/><\/div>\n<\/div>\n<\/div>\n<\/section>\n<\/div>\n","protected":false},"excerpt":{"rendered":"<p><strong>Goal Power<\/strong> je napitek za hidracijo, zasnovan za uporabo med treningom ali tekmo.<\/p>\n<p>Vsebuje kombinacijo elektrolitov, BCAA in L-karnitina ter vitamin C, kar ga naredi prakti\u010dno izbiro za nogometa\u0161e in aktivne posameznike<\/p>\n<p>Idealen je za nogometa\u0161e in vse, ki \u017eelijo med naporom pose\u010di po enostavni in funkcionalni podpori kot del uravnote\u017eene prehrane in aktivnega \u017eivljenjskega sloga.<\/p>\n","protected":false},"featured_media":6080,"comment_status":"open","ping_status":"closed","template":"","meta":{"_acf_changed":false},"product_brand":[],"product_cat":[60,50,57,53],"product_tag":[],"class_list":{"0":"post-5451","1":"product","2":"type-product","3":"status-publish","4":"has-post-thumbnail","6":"product_cat-akcija","7":"product_cat-goal-power","8":"product_cat-hidracija","9":"product_cat-paketi","11":"first","12":"instock","13":"shipping-taxable","14":"purchasable","15":"product-type-variable","16":"has-default-attributes"},"bundled_by":["5653"],"bundle_stock_status":"instock","bundle_stock_quantity":null,"bundle_virtual":false,"bundle_layout":"","bundle_add_to_cart_form_location":"","bundle_editable_in_cart":false,"bundle_sold_individually_context":"","bundle_item_grouping":"","bundle_min_size":"","bundle_max_size":"","bundle_price":[],"bundled_items":[],"bundle_sell_ids":[],"acf":[],"yoast_head":"<!-- This site is optimized with the Yoast SEO plugin v27.4 - https:\/\/yoast.com\/product\/yoast-seo-wordpress\/ -->\n<title>Goal Power\u2122 - AP Football Nutrition | Slovenija<\/title>\n<meta name=\"description\" content=\"Naro\u010di Goal Power\u2122, najpopularnej\u0161i prehranski dodatek za nogometa\u0161e, ki ga uporabljajo tudi \u010dlani Slovenske reprezentance in Prve Lige Telemach.\" \/>\n<meta name=\"robots\" content=\"index, follow, max-snippet:-1, max-image-preview:large, max-video-preview:-1\" \/>\n<link rel=\"canonical\" href=\"https:\/\/www.ap-football-nutrition.com\/sl\/izdelek\/goal-power\/\" \/>\n<meta property=\"og:locale\" content=\"sl_SI\" \/>\n<meta property=\"og:type\" content=\"article\" \/>\n<meta property=\"og:title\" content=\"Goal Power\u2122 - AP Football Nutrition | Slovenija\" \/>\n<meta property=\"og:description\" content=\"Naro\u010di Goal Power\u2122, najpopularnej\u0161i prehranski dodatek za nogometa\u0161e, ki ga uporabljajo tudi \u010dlani Slovenske reprezentance in Prve Lige Telemach.\" \/>\n<meta property=\"og:url\" content=\"https:\/\/www.ap-football-nutrition.com\/sl\/izdelek\/goal-power\/\" \/>\n<meta property=\"og:site_name\" content=\"AP Football Nutrition | Slovenija\" \/>\n<meta property=\"article:publisher\" content=\"https:\/\/www.facebook.com\/apfootballnutrition\/\" \/>\n<meta property=\"article:modified_time\" content=\"2026-04-16T09:43:47+00:00\" \/>\n<meta property=\"og:image\" content=\"https:\/\/www.ap-football-nutrition.com\/sl\/wp-content\/uploads\/Goal-Power-Blue-Raspberry.webp\" \/>\n\t<meta property=\"og:image:width\" content=\"1080\" \/>\n\t<meta property=\"og:image:height\" content=\"1080\" \/>\n\t<meta property=\"og:image:type\" content=\"image\/webp\" \/>\n<meta name=\"twitter:card\" content=\"summary_large_image\" \/>\n<meta name=\"twitter:title\" content=\"Goal Power\u2122 - AP Football Nutrition | Slovenija\" \/>\n<meta name=\"twitter:description\" content=\"Naro\u010di Goal Power\u2122, najpopularnej\u0161i prehranski dodatek za nogometa\u0161e, ki ga uporabljajo tudi \u010dlani Slovenske reprezentance in Prve Lige Telemach.\" \/>\n<meta name=\"twitter:image\" content=\"https:\/\/www.ap-football-nutrition.com\/sl\/wp-content\/uploads\/Goal-Power-Blue-Raspberry.webp\" \/>\n<meta name=\"twitter:label1\" content=\"Est. reading time\" \/>\n\t<meta name=\"twitter:data1\" content=\"3 minute\" \/>\n<script type=\"application\/ld+json\" class=\"yoast-schema-graph\">{\"@context\":\"https:\\\/\\\/schema.org\",\"@graph\":[{\"@type\":\"WebPage\",\"@id\":\"https:\\\/\\\/www.ap-football-nutrition.com\\\/sl\\\/izdelek\\\/goal-power\\\/\",\"url\":\"https:\\\/\\\/www.ap-football-nutrition.com\\\/sl\\\/izdelek\\\/goal-power\\\/\",\"name\":\"Goal Power\u2122 - AP Football Nutrition | Slovenija\",\"isPartOf\":{\"@id\":\"https:\\\/\\\/www.ap-football-nutrition.com\\\/sl\\\/#website\"},\"primaryImageOfPage\":{\"@id\":\"https:\\\/\\\/www.ap-football-nutrition.com\\\/sl\\\/izdelek\\\/goal-power\\\/#primaryimage\"},\"image\":{\"@id\":\"https:\\\/\\\/www.ap-football-nutrition.com\\\/sl\\\/izdelek\\\/goal-power\\\/#primaryimage\"},\"thumbnailUrl\":\"https:\\\/\\\/www.ap-football-nutrition.com\\\/sl\\\/wp-content\\\/uploads\\\/Goal-Power-Hero-Slika.webp\",\"datePublished\":\"2026-03-23T08:28:53+00:00\",\"dateModified\":\"2026-04-16T09:43:47+00:00\",\"description\":\"Naro\u010di Goal Power\u2122, najpopularnej\u0161i prehranski dodatek za nogometa\u0161e, ki ga uporabljajo tudi \u010dlani Slovenske reprezentance in Prve Lige Telemach.\",\"breadcrumb\":{\"@id\":\"https:\\\/\\\/www.ap-football-nutrition.com\\\/sl\\\/izdelek\\\/goal-power\\\/#breadcrumb\"},\"inLanguage\":\"sl-SI\",\"potentialAction\":[{\"@type\":\"ReadAction\",\"target\":[\"https:\\\/\\\/www.ap-football-nutrition.com\\\/sl\\\/izdelek\\\/goal-power\\\/\"]}]},{\"@type\":\"ImageObject\",\"inLanguage\":\"sl-SI\",\"@id\":\"https:\\\/\\\/www.ap-football-nutrition.com\\\/sl\\\/izdelek\\\/goal-power\\\/#primaryimage\",\"url\":\"https:\\\/\\\/www.ap-football-nutrition.com\\\/sl\\\/wp-content\\\/uploads\\\/Goal-Power-Hero-Slika.webp\",\"contentUrl\":\"https:\\\/\\\/www.ap-football-nutrition.com\\\/sl\\\/wp-content\\\/uploads\\\/Goal-Power-Hero-Slika.webp\",\"width\":1080,\"height\":1080},{\"@type\":\"BreadcrumbList\",\"@id\":\"https:\\\/\\\/www.ap-football-nutrition.com\\\/sl\\\/izdelek\\\/goal-power\\\/#breadcrumb\",\"itemListElement\":[{\"@type\":\"ListItem\",\"position\":1,\"name\":\"Home\",\"item\":\"https:\\\/\\\/www.ap-football-nutrition.com\\\/sl\\\/\"},{\"@type\":\"ListItem\",\"position\":2,\"name\":\"Trgovina\",\"item\":\"https:\\\/\\\/www.ap-football-nutrition.com\\\/sl\\\/trgovina\\\/\"},{\"@type\":\"ListItem\",\"position\":3,\"name\":\"Goal Power\u2122\"}]},{\"@type\":\"WebSite\",\"@id\":\"https:\\\/\\\/www.ap-football-nutrition.com\\\/sl\\\/#website\",\"url\":\"https:\\\/\\\/www.ap-football-nutrition.com\\\/sl\\\/\",\"name\":\"AP Football Nutrition | Slovenija\",\"description\":\"\",\"publisher\":{\"@id\":\"https:\\\/\\\/www.ap-football-nutrition.com\\\/sl\\\/#organization\"},\"potentialAction\":[{\"@type\":\"SearchAction\",\"target\":{\"@type\":\"EntryPoint\",\"urlTemplate\":\"https:\\\/\\\/www.ap-football-nutrition.com\\\/sl\\\/?s={search_term_string}\"},\"query-input\":{\"@type\":\"PropertyValueSpecification\",\"valueRequired\":true,\"valueName\":\"search_term_string\"}}],\"inLanguage\":\"sl-SI\"},{\"@type\":\"Organization\",\"@id\":\"https:\\\/\\\/www.ap-football-nutrition.com\\\/sl\\\/#organization\",\"name\":\"AP Football Nutrition | Slovenija\",\"url\":\"https:\\\/\\\/www.ap-football-nutrition.com\\\/sl\\\/\",\"logo\":{\"@type\":\"ImageObject\",\"inLanguage\":\"sl-SI\",\"@id\":\"https:\\\/\\\/www.ap-football-nutrition.com\\\/sl\\\/#\\\/schema\\\/logo\\\/image\\\/\",\"url\":\"https:\\\/\\\/www.ap-football-nutrition.com\\\/sl\\\/wp-content\\\/uploads\\\/AP-Football-Nutrition-Site-Logo.webp\",\"contentUrl\":\"https:\\\/\\\/www.ap-football-nutrition.com\\\/sl\\\/wp-content\\\/uploads\\\/AP-Football-Nutrition-Site-Logo.webp\",\"width\":350,\"height\":100,\"caption\":\"AP Football Nutrition | Slovenija\"},\"image\":{\"@id\":\"https:\\\/\\\/www.ap-football-nutrition.com\\\/sl\\\/#\\\/schema\\\/logo\\\/image\\\/\"},\"sameAs\":[\"https:\\\/\\\/www.facebook.com\\\/apfootballnutrition\\\/\",\"https:\\\/\\\/www.tiktok.com\\\/@apfootballnutrition\",\"https:\\\/\\\/www.youtube.com\\\/channel\\\/UCi357Qj1dxD5V0s0M7uccsg\",\"https:\\\/\\\/www.instagram.com\\\/ap_football_nutrition\\\/p\\\/C0BwiBQIzon\\\/\"]}]}<\/script>\n<!-- \/ Yoast SEO plugin. -->","yoast_head_json":{"title":"Goal Power\u2122 - AP Football Nutrition | Slovenija","description":"Naro\u010di Goal Power\u2122, najpopularnej\u0161i prehranski dodatek za nogometa\u0161e, ki ga uporabljajo tudi \u010dlani Slovenske reprezentance in Prve Lige Telemach.","robots":{"index":"index","follow":"follow","max-snippet":"max-snippet:-1","max-image-preview":"max-image-preview:large","max-video-preview":"max-video-preview:-1"},"canonical":"https:\/\/www.ap-football-nutrition.com\/sl\/izdelek\/goal-power\/","og_locale":"sl_SI","og_type":"article","og_title":"Goal Power\u2122 - AP Football Nutrition | Slovenija","og_description":"Naro\u010di Goal Power\u2122, najpopularnej\u0161i prehranski dodatek za nogometa\u0161e, ki ga uporabljajo tudi \u010dlani Slovenske reprezentance in Prve Lige Telemach.","og_url":"https:\/\/www.ap-football-nutrition.com\/sl\/izdelek\/goal-power\/","og_site_name":"AP Football Nutrition | Slovenija","article_publisher":"https:\/\/www.facebook.com\/apfootballnutrition\/","article_modified_time":"2026-04-16T09:43:47+00:00","og_image":[{"width":1080,"height":1080,"url":"https:\/\/www.ap-football-nutrition.com\/sl\/wp-content\/uploads\/Goal-Power-Blue-Raspberry.webp","type":"image\/webp"}],"twitter_card":"summary_large_image","twitter_title":"Goal Power\u2122 - AP Football Nutrition | Slovenija","twitter_description":"Naro\u010di Goal Power\u2122, najpopularnej\u0161i prehranski dodatek za nogometa\u0161e, ki ga uporabljajo tudi \u010dlani Slovenske reprezentance in Prve Lige Telemach.","twitter_image":"https:\/\/www.ap-football-nutrition.com\/sl\/wp-content\/uploads\/Goal-Power-Blue-Raspberry.webp","twitter_misc":{"Est. reading time":"3 minute"},"schema":{"@context":"https:\/\/schema.org","@graph":[{"@type":"WebPage","@id":"https:\/\/www.ap-football-nutrition.com\/sl\/izdelek\/goal-power\/","url":"https:\/\/www.ap-football-nutrition.com\/sl\/izdelek\/goal-power\/","name":"Goal Power\u2122 - AP Football Nutrition | Slovenija","isPartOf":{"@id":"https:\/\/www.ap-football-nutrition.com\/sl\/#website"},"primaryImageOfPage":{"@id":"https:\/\/www.ap-football-nutrition.com\/sl\/izdelek\/goal-power\/#primaryimage"},"image":{"@id":"https:\/\/www.ap-football-nutrition.com\/sl\/izdelek\/goal-power\/#primaryimage"},"thumbnailUrl":"https:\/\/www.ap-football-nutrition.com\/sl\/wp-content\/uploads\/Goal-Power-Hero-Slika.webp","datePublished":"2026-03-23T08:28:53+00:00","dateModified":"2026-04-16T09:43:47+00:00","description":"Naro\u010di Goal Power\u2122, najpopularnej\u0161i prehranski dodatek za nogometa\u0161e, ki ga uporabljajo tudi \u010dlani Slovenske reprezentance in Prve Lige Telemach.","breadcrumb":{"@id":"https:\/\/www.ap-football-nutrition.com\/sl\/izdelek\/goal-power\/#breadcrumb"},"inLanguage":"sl-SI","potentialAction":[{"@type":"ReadAction","target":["https:\/\/www.ap-football-nutrition.com\/sl\/izdelek\/goal-power\/"]}]},{"@type":"ImageObject","inLanguage":"sl-SI","@id":"https:\/\/www.ap-football-nutrition.com\/sl\/izdelek\/goal-power\/#primaryimage","url":"https:\/\/www.ap-football-nutrition.com\/sl\/wp-content\/uploads\/Goal-Power-Hero-Slika.webp","contentUrl":"https:\/\/www.ap-football-nutrition.com\/sl\/wp-content\/uploads\/Goal-Power-Hero-Slika.webp","width":1080,"height":1080},{"@type":"BreadcrumbList","@id":"https:\/\/www.ap-football-nutrition.com\/sl\/izdelek\/goal-power\/#breadcrumb","itemListElement":[{"@type":"ListItem","position":1,"name":"Home","item":"https:\/\/www.ap-football-nutrition.com\/sl\/"},{"@type":"ListItem","position":2,"name":"Trgovina","item":"https:\/\/www.ap-football-nutrition.com\/sl\/trgovina\/"},{"@type":"ListItem","position":3,"name":"Goal Power\u2122"}]},{"@type":"WebSite","@id":"https:\/\/www.ap-football-nutrition.com\/sl\/#website","url":"https:\/\/www.ap-football-nutrition.com\/sl\/","name":"AP Football Nutrition | Slovenija","description":"","publisher":{"@id":"https:\/\/www.ap-football-nutrition.com\/sl\/#organization"},"potentialAction":[{"@type":"SearchAction","target":{"@type":"EntryPoint","urlTemplate":"https:\/\/www.ap-football-nutrition.com\/sl\/?s={search_term_string}"},"query-input":{"@type":"PropertyValueSpecification","valueRequired":true,"valueName":"search_term_string"}}],"inLanguage":"sl-SI"},{"@type":"Organization","@id":"https:\/\/www.ap-football-nutrition.com\/sl\/#organization","name":"AP Football Nutrition | Slovenija","url":"https:\/\/www.ap-football-nutrition.com\/sl\/","logo":{"@type":"ImageObject","inLanguage":"sl-SI","@id":"https:\/\/www.ap-football-nutrition.com\/sl\/#\/schema\/logo\/image\/","url":"https:\/\/www.ap-football-nutrition.com\/sl\/wp-content\/uploads\/AP-Football-Nutrition-Site-Logo.webp","contentUrl":"https:\/\/www.ap-football-nutrition.com\/sl\/wp-content\/uploads\/AP-Football-Nutrition-Site-Logo.webp","width":350,"height":100,"caption":"AP Football Nutrition | Slovenija"},"image":{"@id":"https:\/\/www.ap-football-nutrition.com\/sl\/#\/schema\/logo\/image\/"},"sameAs":["https:\/\/www.facebook.com\/apfootballnutrition\/","https:\/\/www.tiktok.com\/@apfootballnutrition","https:\/\/www.youtube.com\/channel\/UCi357Qj1dxD5V0s0M7uccsg","https:\/\/www.instagram.com\/ap_football_nutrition\/p\/C0BwiBQIzon\/"]}]}},"_links":{"self":[{"href":"https:\/\/www.ap-football-nutrition.com\/sl\/wp-json\/wp\/v2\/product\/5451","targetHints":{"allow":["GET"]}}],"collection":[{"href":"https:\/\/www.ap-football-nutrition.com\/sl\/wp-json\/wp\/v2\/product"}],"about":[{"href":"https:\/\/www.ap-football-nutrition.com\/sl\/wp-json\/wp\/v2\/types\/product"}],"replies":[{"embeddable":true,"href":"https:\/\/www.ap-football-nutrition.com\/sl\/wp-json\/wp\/v2\/comments?post=5451"}],"wp:featuredmedia":[{"embeddable":true,"href":"https:\/\/www.ap-football-nutrition.com\/sl\/wp-json\/wp\/v2\/media\/6080"}],"wp:attachment":[{"href":"https:\/\/www.ap-football-nutrition.com\/sl\/wp-json\/wp\/v2\/media?parent=5451"}],"wp:term":[{"taxonomy":"product_brand","embeddable":true,"href":"https:\/\/www.ap-football-nutrition.com\/sl\/wp-json\/wp\/v2\/product_brand?post=5451"},{"taxonomy":"product_cat","embeddable":true,"href":"https:\/\/www.ap-football-nutrition.com\/sl\/wp-json\/wp\/v2\/product_cat?post=5451"},{"taxonomy":"product_tag","embeddable":true,"href":"https:\/\/www.ap-football-nutrition.com\/sl\/wp-json\/wp\/v2\/product_tag?post=5451"}],"curies":[{"name":"wp","href":"https:\/\/api.w.org\/{rel}","templated":true}]}}